{"id":1704,"date":"2026-03-18T07:23:50","date_gmt":"2026-03-18T07:23:50","guid":{"rendered":"https:\/\/colper.pe\/home\/?page_id=1704"},"modified":"2026-03-18T07:52:56","modified_gmt":"2026-03-18T07:52:56","slug":"1704-2-2","status":"publish","type":"page","link":"https:\/\/colper.pe\/home\/1704-2-2\/","title":{"rendered":"Metro 2"},"content":{"rendered":"\t\t<div data-elementor-type=\"wp-page\" data-elementor-id=\"1704\" class=\"elementor elementor-1704\" data-elementor-post-type=\"page\">\n\t\t\t\t<div class=\"elementor-element elementor-element-5556c268 e-flex e-con-boxed wpr-particle-no wpr-jarallax-no wpr-parallax-no wpr-sticky-section-no wpr-equal-height-no e-con e-parent\" data-id=\"5556c268\" data-element_type=\"container\" data-e-type=\"container\">\n\t\t\t\t\t<div class=\"e-con-inner\">\n\t\t\t\t<div class=\"elementor-element elementor-element-52f1485e elementor-widget elementor-widget-text-editor\" data-id=\"52f1485e\" data-element_type=\"widget\" data-e-type=\"widget\" data-widget_type=\"text-editor.default\">\n\t\t\t\t<div class=\"elementor-widget-container\">\n\t\t\t\t\t\t\t\t\t\n<p><\/p>\n\n\n\n<p><\/p>\n\t\t\t\t\t\t\t\t<\/div>\n\t\t\t\t<\/div>\n\t\t\t\t\t<\/div>\n\t\t\t\t<\/div>\n\t\t\t\t<section class=\"elementor-section elementor-top-section elementor-element elementor-element-7dc0fe4f elementor-section-full_width elementor-section-height-default elementor-section-height-default wpr-particle-no wpr-jarallax-no wpr-parallax-no wpr-sticky-section-no wpr-equal-height-no\" data-id=\"7dc0fe4f\" data-element_type=\"section\" data-e-type=\"section\" data-settings=\"{&quot;background_background&quot;:&quot;classic&quot;}\">\n\t\t\t\t\t\t\t<div class=\"elementor-background-overlay\"><\/div>\n\t\t\t\t\t\t\t<div class=\"elementor-container elementor-column-gap-default\">\n\t\t\t\t\t<div class=\"elementor-column elementor-col-100 elementor-top-column elementor-element elementor-element-406edbff\" data-id=\"406edbff\" data-element_type=\"column\" data-e-type=\"column\">\n\t\t\t<div class=\"elementor-widget-wrap elementor-element-populated\">\n\t\t\t\t\t\t<section class=\"elementor-section elementor-inner-section elementor-element elementor-element-da3d61a elementor-section-boxed elementor-section-height-default elementor-section-height-default wpr-particle-no wpr-jarallax-no wpr-parallax-no wpr-sticky-section-no wpr-equal-height-no\" data-id=\"da3d61a\" data-element_type=\"section\" data-e-type=\"section\">\n\t\t\t\t\t\t<div class=\"elementor-container elementor-column-gap-default\">\n\t\t\t\t\t<div class=\"elementor-column elementor-col-50 elementor-inner-column elementor-element elementor-element-67119b61\" data-id=\"67119b61\" data-element_type=\"column\" data-e-type=\"column\">\n\t\t\t<div class=\"elementor-widget-wrap elementor-element-populated\">\n\t\t\t\t\t\t<div class=\"elementor-element elementor-element-44e86c4b animated-slow elementor-invisible elementor-widget elementor-widget-heading\" data-id=\"44e86c4b\" data-element_type=\"widget\" data-e-type=\"widget\" data-settings=\"{&quot;_animation&quot;:&quot;fadeInRight&quot;}\" data-widget_type=\"heading.default\">\n\t\t\t\t<div class=\"elementor-widget-container\">\n\t\t\t\t\t<h2 class=\"elementor-heading-title elementor-size-default\">Colper participa en la construcci\u00f3n de la linea 2 del metro<\/h2>\t\t\t\t<\/div>\n\t\t\t\t<\/div>\n\t\t\t\t<div class=\"elementor-element elementor-element-699dcabd animated-slow elementor-invisible elementor-widget elementor-widget-heading\" data-id=\"699dcabd\" data-element_type=\"widget\" data-e-type=\"widget\" data-settings=\"{&quot;_animation&quot;:&quot;fadeIn&quot;,&quot;_animation_delay&quot;:400}\" data-widget_type=\"heading.default\">\n\t\t\t\t<div class=\"elementor-widget-container\">\n\t\t\t\t\t<h2 class=\"elementor-heading-title elementor-size-default\"><blockquote data-start=\"560\" data-end=\"622\"><p data-start=\"562\" data-end=\"622\">Participaci\u00f3n en la L\u00ednea 2 del Metro de Lima  colper Group SAC<\/p>\n<\/blockquote>\n<h3 data-section-id=\"1xinkgd\" data-start=\"624\" data-end=\"668\"><\/h3><\/h2>\t\t\t\t<\/div>\n\t\t\t\t<\/div>\n\t\t\t\t<div class=\"elementor-element elementor-element-6c93cfb6 elementor-widget__width-auto animated-slow elementor-invisible elementor-widget elementor-widget-button\" data-id=\"6c93cfb6\" data-element_type=\"widget\" data-e-type=\"widget\" data-settings=\"{&quot;_animation&quot;:&quot;fadeIn&quot;,&quot;_animation_delay&quot;:500}\" data-widget_type=\"button.default\">\n\t\t\t\t<div class=\"elementor-widget-container\">\n\t\t\t\t\t\t\t\t\t<div class=\"elementor-button-wrapper\">\n\t\t\t\t\t<a class=\"elementor-button elementor-button-link elementor-size-md elementor-animation-shrink\" href=\"#\">\n\t\t\t\t\t\t<span class=\"elementor-button-content-wrapper\">\n\t\t\t\t\t\t\t\t\t<span class=\"elementor-button-text\">Discover Destination<\/span>\n\t\t\t\t\t<\/span>\n\t\t\t\t\t<\/a>\n\t\t\t\t<\/div>\n\t\t\t\t\t\t\t\t<\/div>\n\t\t\t\t<\/div>\n\t\t\t\t\t<\/div>\n\t\t<\/div>\n\t\t\t\t<div class=\"elementor-column elementor-col-50 elementor-inner-column elementor-element elementor-element-6c8903c7\" data-id=\"6c8903c7\" data-element_type=\"column\" data-e-type=\"column\">\n\t\t\t<div class=\"elementor-widget-wrap\">\n\t\t\t\t\t\t\t<\/div>\n\t\t<\/div>\n\t\t\t\t\t<\/div>\n\t\t<\/section>\n\t\t\t\t\t<\/div>\n\t\t<\/div>\n\t\t\t\t\t<\/div>\n\t\t<\/section>\n\t\t<div class=\"elementor-element elementor-element-2b4f332 e-flex e-con-boxed wpr-particle-no wpr-jarallax-no wpr-parallax-no wpr-sticky-section-no wpr-equal-height-no e-con e-parent\" data-id=\"2b4f332\" data-element_type=\"container\" data-e-type=\"container\">\n\t\t\t\t\t<div class=\"e-con-inner\">\n\t\t\t\t<div class=\"elementor-element elementor-element-7897544 elementor-widget elementor-widget-heading\" data-id=\"7897544\" data-element_type=\"widget\" data-e-type=\"widget\" data-widget_type=\"heading.default\">\n\t\t\t\t<div class=\"elementor-widget-container\">\n\t\t\t\t\t<h1 class=\"elementor-heading-title elementor-size-default\"><br>Colper particip\u00f3 en la L\u00ednea 2 del Metro de Lima como proveedor de materiales el\u00e9ctricos, distribuyendo tuber\u00edas conduit ELECMAN, EMT, IMC y accesorios.<\/h1>\t\t\t\t<\/div>\n\t\t\t\t<\/div>\n\t\t\t\t\t<\/div>\n\t\t\t\t<\/div>\n\t\t\t\t<section class=\"elementor-section elementor-top-section elementor-element elementor-element-76ad58b elementor-section-full_width elementor-section-height-default elementor-section-height-default wpr-particle-no wpr-jarallax-no wpr-parallax-no wpr-sticky-section-no wpr-equal-height-no\" data-id=\"76ad58b\" data-element_type=\"section\" data-e-type=\"section\" data-settings=\"{&quot;background_background&quot;:&quot;classic&quot;}\">\n\t\t\t\t\t\t<div class=\"elementor-container elementor-column-gap-no\">\n\t\t\t\t\t<div class=\"elementor-column elementor-col-100 elementor-top-column elementor-element elementor-element-3245dc86\" data-id=\"3245dc86\" data-element_type=\"column\" data-e-type=\"column\">\n\t\t\t<div class=\"elementor-widget-wrap elementor-element-populated\">\n\t\t\t\t\t\t<section class=\"elementor-section elementor-inner-section elementor-element elementor-element-5a9e78ab elementor-section-boxed elementor-section-height-default elementor-section-height-default wpr-particle-no wpr-jarallax-no wpr-parallax-no wpr-sticky-section-no wpr-equal-height-no\" data-id=\"5a9e78ab\" data-element_type=\"section\" data-e-type=\"section\">\n\t\t\t\t\t\t<div class=\"elementor-container elementor-column-gap-default\">\n\t\t\t\t\t<div class=\"elementor-column elementor-col-100 elementor-inner-column elementor-element elementor-element-47c37004\" data-id=\"47c37004\" data-element_type=\"column\" data-e-type=\"column\">\n\t\t\t<div class=\"elementor-widget-wrap elementor-element-populated\">\n\t\t\t\t\t\t<div class=\"elementor-element elementor-element-db32653 elementor-widget elementor-widget-text-editor\" data-id=\"db32653\" data-element_type=\"widget\" data-e-type=\"widget\" data-widget_type=\"text-editor.default\">\n\t\t\t\t<div class=\"elementor-widget-container\">\n\t\t\t\t\t\t\t\t\t<h3>Nuestro aporte en el proyecto<\/h3>\n<p data-start=\"669\" data-end=\"721\">Participamos como proveedores en la distribuci\u00f3n de:<\/p>\n<ul data-start=\"723\" data-end=\"845\">\n<li data-section-id=\"1x8evts\" data-start=\"723\" data-end=\"753\">\n<p data-start=\"725\" data-end=\"753\">Tuber\u00edas <strong data-start=\"734\" data-end=\"753\">Conduit ELECMAN<\/strong><\/p>\n<\/li>\n<li data-section-id=\"l7bwxr\" data-start=\"754\" data-end=\"772\">\n<p data-start=\"756\" data-end=\"772\">Tuber\u00edas <strong data-start=\"765\" data-end=\"772\">EMT<\/strong><\/p>\n<\/li>\n<li data-section-id=\"15htvg3\" data-start=\"773\" data-end=\"804\">\n<p data-start=\"775\" data-end=\"804\">Tuber\u00edas <strong data-start=\"784\" data-end=\"804\">IMC galvanizadas<\/strong><\/p>\n<\/li>\n<li data-section-id=\"1dht85j\" data-start=\"805\" data-end=\"845\">\n<p data-start=\"807\" data-end=\"845\">Accesorios el\u00e9ctricos y de instalaci\u00f3n<\/p>\n<\/li>\n<\/ul>\n<p data-start=\"847\" data-end=\"1016\">Estos materiales son fundamentales para la correcta canalizaci\u00f3n, protecci\u00f3n y organizaci\u00f3n de sistemas el\u00e9ctricos en entornos de alta exigencia como obras subterr\u00e1neas.<\/p>\n<hr data-start=\"1018\" data-end=\"1021\" \/>\n<h3>Calidad y confianza en cada entrega<\/h3>\n<p data-start=\"1066\" data-end=\"1115\">Sabemos que proyectos de esta magnitud requieren:<\/p>\n<ul data-start=\"1117\" data-end=\"1242\">\n<li data-section-id=\"ntwkp5\" data-start=\"1117\" data-end=\"1144\">\n<p data-start=\"1119\" data-end=\"1144\">Materiales certificados<\/p>\n<\/li>\n<li data-section-id=\"7z1nvy\" data-start=\"1145\" data-end=\"1179\">\n<p data-start=\"1147\" data-end=\"1179\">Alta resistencia y durabilidad<\/p>\n<\/li>\n<li data-section-id=\"anrncp\" data-start=\"1180\" data-end=\"1219\">\n<p data-start=\"1182\" data-end=\"1219\">Cumplimiento de est\u00e1ndares t\u00e9cnicos<\/p>\n<\/li>\n<li data-section-id=\"onbxka\" data-start=\"1220\" data-end=\"1242\">\n<p data-start=\"1222\" data-end=\"1242\">Entregas oportunas<\/p>\n<\/li>\n<\/ul>\n<p data-start=\"1244\" data-end=\"1373\">Por eso, trabajamos con marcas reconocidas y soluciones confiables que garantizan un desempe\u00f1o \u00f3ptimo en cada etapa del proyecto.<\/p>\n<hr data-start=\"1375\" data-end=\"1378\" \/>\n<h3>Comprometidos con el desarrollo del Per\u00fa<\/h3>\n<p data-start=\"1428\" data-end=\"1551\">Ser parte, desde nuestra especialidad, de la ejecuci\u00f3n de la <strong data-start=\"1489\" data-end=\"1518\">L\u00ednea 2 del Metro de Lima<\/strong> reafirma nuestro compromiso con:<\/p>\n<ul data-start=\"1553\" data-end=\"1688\">\n<li data-section-id=\"g36o94\" data-start=\"1553\" data-end=\"1602\">\n<p data-start=\"1555\" data-end=\"1602\">El crecimiento de la infraestructura nacional<\/p>\n<\/li>\n<li data-section-id=\"6fhvlg\" data-start=\"1603\" data-end=\"1638\">\n<p data-start=\"1605\" data-end=\"1638\">La modernizaci\u00f3n del transporte<\/p>\n<\/li>\n<li data-section-id=\"crfqds\" data-start=\"1639\" data-end=\"1688\">\n<p data-start=\"1641\" data-end=\"1688\">El desarrollo sostenible de nuestras ciudades<\/p>\n<\/li>\n<\/ul>\n<hr data-start=\"1690\" data-end=\"1693\" \/>\n<h3>Tu aliado en proyectos de gran escala<\/h3>\n<p data-start=\"1740\" data-end=\"1861\">Si est\u00e1s desarrollando un proyecto industrial, comercial o de infraestructura, en <b>Colper\u00a0<\/b>encontrar\u00e1s:<\/p>\n<p data-start=\"1863\" data-end=\"1966\"><img decoding=\"async\" class=\"emoji\" role=\"img\" draggable=\"false\" src=\"https:\/\/s.w.org\/images\/core\/emoji\/17.0.2\/svg\/2714.svg\" alt=\"\u2714\" \/> Stock disponible<br data-start=\"1881\" data-end=\"1884\" \/><img decoding=\"async\" class=\"emoji\" role=\"img\" draggable=\"false\" src=\"https:\/\/s.w.org\/images\/core\/emoji\/17.0.2\/svg\/2714.svg\" alt=\"\u2714\" \/> Asesor\u00eda t\u00e9cnica especializada<br data-start=\"1916\" data-end=\"1919\" \/><img decoding=\"async\" class=\"emoji\" role=\"img\" draggable=\"false\" src=\"https:\/\/s.w.org\/images\/core\/emoji\/17.0.2\/svg\/2714.svg\" alt=\"\u2714\" \/> Entregas r\u00e1pidas<br data-start=\"1937\" data-end=\"1940\" \/><img decoding=\"async\" class=\"emoji\" role=\"img\" draggable=\"false\" src=\"https:\/\/s.w.org\/images\/core\/emoji\/17.0.2\/svg\/2714.svg\" alt=\"\u2714\" \/> Productos certificados<\/p>\n<hr data-start=\"1968\" data-end=\"1971\" \/>\n<h3>Cont\u00e1ctanos<\/h3>\n<p data-start=\"1992\" data-end=\"2074\">Lleva tu proyecto al siguiente nivel con materiales confiables y respaldo t\u00e9cnico.<\/p>\t\t\t\t\t\t\t\t<\/div>\n\t\t\t\t<\/div>\n\t\t\t\t\t<\/div>\n\t\t<\/div>\n\t\t\t\t\t<\/div>\n\t\t<\/section>\n\t\t\t\t\t<\/div>\n\t\t<\/div>\n\t\t\t\t\t<\/div>\n\t\t<\/section>\n\t\t<div class=\"elementor-element elementor-element-a1a6d66 e-grid e-con-boxed wpr-particle-no wpr-jarallax-no wpr-parallax-no wpr-sticky-section-no wpr-equal-height-no e-con e-parent\" data-id=\"a1a6d66\" data-element_type=\"container\" data-e-type=\"container\">\n\t\t\t\t\t<div class=\"e-con-inner\">\n\t\t\t\t<div class=\"elementor-element elementor-element-6b13d32 elementor-widget elementor-widget-image\" data-id=\"6b13d32\" data-element_type=\"widget\" data-e-type=\"widget\" data-widget_type=\"image.default\">\n\t\t\t\t<div class=\"elementor-widget-container\">\n\t\t\t\t\t\t\t\t\t\t\t\t\t\t\t<img fetchpriority=\"high\" decoding=\"async\" width=\"800\" height=\"600\" src=\"https:\/\/colper.pe\/wp-content\/uploads\/2026\/03\/WhatsApp-Image-2026-01-28-at-12.56.17-PM-1024x768.jpeg\" class=\"attachment-large size-large wp-image-1749\" alt=\"\" srcset=\"https:\/\/colper.pe\/wp-content\/uploads\/2026\/03\/WhatsApp-Image-2026-01-28-at-12.56.17-PM-1024x768.jpeg 1024w, https:\/\/colper.pe\/wp-content\/uploads\/2026\/03\/WhatsApp-Image-2026-01-28-at-12.56.17-PM-300x225.jpeg 300w, https:\/\/colper.pe\/wp-content\/uploads\/2026\/03\/WhatsApp-Image-2026-01-28-at-12.56.17-PM-768x576.jpeg 768w, https:\/\/colper.pe\/wp-content\/uploads\/2026\/03\/WhatsApp-Image-2026-01-28-at-12.56.17-PM.jpeg 1280w\" sizes=\"(max-width: 800px) 100vw, 800px\" \/>\t\t\t\t\t\t\t\t\t\t\t\t\t\t\t<\/div>\n\t\t\t\t<\/div>\n\t\t\t\t<div class=\"elementor-element elementor-element-3de9165 elementor-widget elementor-widget-image\" data-id=\"3de9165\" data-element_type=\"widget\" data-e-type=\"widget\" data-widget_type=\"image.default\">\n\t\t\t\t<div class=\"elementor-widget-container\">\n\t\t\t\t\t\t\t\t\t\t\t\t\t\t\t<img decoding=\"async\" width=\"800\" height=\"600\" src=\"https:\/\/colper.pe\/wp-content\/uploads\/2026\/03\/WhatsApp-Image-2026-01-28-at-12.56.17-PM-1-1024x768.jpeg\" class=\"attachment-large size-large wp-image-1750\" alt=\"\" srcset=\"https:\/\/colper.pe\/wp-content\/uploads\/2026\/03\/WhatsApp-Image-2026-01-28-at-12.56.17-PM-1-1024x768.jpeg 1024w, https:\/\/colper.pe\/wp-content\/uploads\/2026\/03\/WhatsApp-Image-2026-01-28-at-12.56.17-PM-1-300x225.jpeg 300w, https:\/\/colper.pe\/wp-content\/uploads\/2026\/03\/WhatsApp-Image-2026-01-28-at-12.56.17-PM-1-768x576.jpeg 768w, https:\/\/colper.pe\/wp-content\/uploads\/2026\/03\/WhatsApp-Image-2026-01-28-at-12.56.17-PM-1.jpeg 1280w\" sizes=\"(max-width: 800px) 100vw, 800px\" \/>\t\t\t\t\t\t\t\t\t\t\t\t\t\t\t<\/div>\n\t\t\t\t<\/div>\n\t\t\t\t\t<\/div>\n\t\t\t\t<\/div>\n\t\t\t\t<\/div>\n\t\t","protected":false},"excerpt":{"rendered":"<p>Colper participa en la construcci\u00f3n de la linea 2 del metro Participaci\u00f3n en la L\u00ednea 2 del Metro de Lima colper Group SAC Discover Destination Colper particip\u00f3 en la L\u00ednea 2 del Metro de Lima como proveedor de materiales el\u00e9ctricos, distribuyendo tuber\u00edas conduit ELECMAN, EMT, IMC y accesorios. Nuestro aporte en el proyecto Participamos como proveedores en la distribuci\u00f3n de: Tuber\u00edas Conduit ELECMAN Tuber\u00edas EMT Tuber\u00edas IMC galvanizadas Accesorios el\u00e9ctricos y de instalaci\u00f3n Estos materiales son fundamentales para la correcta canalizaci\u00f3n, protecci\u00f3n y organizaci\u00f3n de sistemas el\u00e9ctricos en entornos de alta exigencia como obras subterr\u00e1neas. Calidad y confianza en cada entrega Sabemos que proyectos de esta magnitud requieren: Materiales certificados Alta resistencia y durabilidad Cumplimiento de est\u00e1ndares t\u00e9cnicos Entregas oportunas Por eso, trabajamos con marcas reconocidas y soluciones confiables que garantizan un desempe\u00f1o \u00f3ptimo en cada etapa del proyecto. Comprometidos con el desarrollo del Per\u00fa Ser parte, desde nuestra especialidad, de la ejecuci\u00f3n de la L\u00ednea 2 del Metro de Lima reafirma nuestro compromiso con: El crecimiento de la infraestructura nacional La modernizaci\u00f3n del transporte El desarrollo sostenible de nuestras ciudades Tu aliado en proyectos de gran escala Si est\u00e1s desarrollando un proyecto industrial, comercial o de infraestructura, en Colper\u00a0encontrar\u00e1s: Stock disponible Asesor\u00eda t\u00e9cnica especializada Entregas r\u00e1pidas Productos certificados Cont\u00e1ctanos Lleva tu proyecto al siguiente nivel con materiales confiables y respaldo t\u00e9cnico.<\/p>\n","protected":false},"author":1,"featured_media":0,"parent":0,"menu_order":0,"comment_status":"closed","ping_status":"closed","template":"elementor_header_footer","meta":{"footnotes":""},"class_list":["post-1704","page","type-page","status-publish","hentry"],"_links":{"self":[{"href":"https:\/\/colper.pe\/home\/wp-json\/wp\/v2\/pages\/1704","targetHints":{"allow":["GET"]}}],"collection":[{"href":"https:\/\/colper.pe\/home\/wp-json\/wp\/v2\/pages"}],"about":[{"href":"https:\/\/colper.pe\/home\/wp-json\/wp\/v2\/types\/page"}],"author":[{"embeddable":true,"href":"https:\/\/colper.pe\/home\/wp-json\/wp\/v2\/users\/1"}],"replies":[{"embeddable":true,"href":"https:\/\/colper.pe\/home\/wp-json\/wp\/v2\/comments?post=1704"}],"version-history":[{"count":15,"href":"https:\/\/colper.pe\/home\/wp-json\/wp\/v2\/pages\/1704\/revisions"}],"predecessor-version":[{"id":1782,"href":"https:\/\/colper.pe\/home\/wp-json\/wp\/v2\/pages\/1704\/revisions\/1782"}],"wp:attachment":[{"href":"https:\/\/colper.pe\/home\/wp-json\/wp\/v2\/media?parent=1704"}],"curies":[{"name":"wp","href":"https:\/\/api.w.org\/{rel}","templated":true}]}}